{"id":15411,"date":"2020-02-29T16:11:38","date_gmt":"2020-02-29T15:11:38","guid":{"rendered":"https:\/\/freewalkcologne.com\/equipo\/mike\/"},"modified":"2022-09-13T16:06:22","modified_gmt":"2022-09-13T14:06:22","slug":"mike","status":"publish","type":"page","link":"https:\/\/freewalkcologne.com\/es\/equipo\/mike\/","title":{"rendered":"Mike"},"content":{"rendered":"<div class=\"wpb-content-wrapper\"><p>[vc_row css=\u00bb.vc_custom_1597511376635{margin-top: 20px !important;}\u00bb][vc_column reveal_effect=\u00bbfadeIn\u00bb reveal_duration=\u00bb0.7&#8243; reveal_delay=\u00bb0.1&#8243;][lab_heading title_tag=\u00bbH1&#8243; title=\u00bbMike\u00bb]Me encanta Colonia por su ambiente tan abierto y acogedor.[\/lab_heading][\/vc_column][\/vc_row][vc_row][vc_column width=\u00bb5\/12&#8243; reveal_effect=\u00bbfadeIn\u00bb reveal_duration=\u00bb1&#8243; reveal_delay=\u00bb0.3&#8243;][vc_single_image image=\u00bb15412&#8243; img_size=\u00bbfull\u00bb][\/vc_column][vc_column width=\u00bb7\/12&#8243; reveal_effect=\u00bbfadeIn\u00bb reveal_duration=\u00bb1.5&#8243; reveal_delay=\u00bb0.5&#8243;][vc_tta_tabs style=\u00bbtheme-styled-minimal\u00bb active_section=\u00bb1&#8243;][vc_tta_section title=\u00bbSobre m\u00ed\u00bb tab_id=\u00bb1&#8243;][vc_column_text]Si has estado en Europa lo suficiente para saber acerca de los Free Walking Tours, sabr\u00e1s que no hay mejor manera de explorar una ciudad que de la mano de alguien local. Esa siempre ha sido mi experiencia con Free Walking Tours y por ello me involucr\u00e9 con ello en Colonia, para ense\u00f1ar la ciudad desde mi perspectiva.<\/p>\n<p>Soy originario de Buffalo, Nueva York, una peque\u00f1a ciudad con una atm\u00f3sfera similar a Colonia, donde hay buena cerveza, buenos amigos y un amor por nuestra ciudad. Quiz\u00e1s es por ello por lo que me siento como en casa aqu\u00ed. Tras ser el manager un hostal por tres a\u00f1os en Ciudad del Cabo, vine a Colonia por lo que iba a ser un mes y nunca me fui. Bueno, quiz\u00e1s no tenga permiso de volver a Sud\u00e1frica (preg\u00fantame tras un par de cervezas), pero Colonia se convirti\u00f3 r\u00e1pidamente en mi hogar. Llevo aqu\u00ed desde noviembre de 2016 y entre su gente, el r\u00edo, la Catedral y el sentimiento por la ciudad, no s\u00e9 cu\u00e1ndo me ir\u00e9 de aqu\u00ed.<\/p>\n<p>Vente a alguno de mis tours para que pueda ense\u00f1arte Colonia desde el punto de vista de un Imitador de Colonia profesional.[\/vc_column_text][\/vc_tta_section][vc_tta_section title=\u00bbMis tours\u00bb tab_id=\u00bb2&#8243;][vc_column_text]Con\u00f3ceme en mi tour:<\/p>\n<ul>\n<li><a href=\"https:\/\/freewalkcologne.com\/es\/visitas-guiadas-colonia\/tours-gratis\/\">Colonia Cl\u00e1sica &#8211; Free Tour<\/a><\/li>\n<\/ul>\n<p>[\/vc_column_text][\/vc_tta_section][vc_tta_section title=\u00bbValora mi tour\u00bb tab_id=\u00bb3&#8243;][vc_column_text]<\/p>\n<p style=\"text-align: left;\">\u00bfYa te has unido a mi tour? \u00a1Perfecto! Apreciar\u00eda mucho si pudieras dejarme un comentario en TripAdvisor o <a href=\"https:\/\/www.google.com\/search?q=freewalk+cologne&amp;oq=freewalk+cologne&amp;aqs=chrome.0.69i59j0l3j69i60l3j69i65.5400j1j7&amp;sourceid=chrome&amp;ie=UTF-8#lrd=0x47bf25766044be21:0x53b834378150518a,1,,,\" target=\"_blank\" rel=\"noopener noreferrer\">Google<\/a>. \u00a1Muchas gracias!<\/p>\n<p>&nbsp;<\/p>\n<div id=\"TA_cdswritereviewlg85\" class=\"TA_cdswritereviewlg\">\n<ul id=\"rkqKqC1D\" class=\"TA_links hx2oPlA5SLYG\">\n<li id=\"oISBkMfzRS\" class=\"FiM1P9\"><a href=\"https:\/\/www.tripadvisor.es\/Attraction_Review-g187371-d8855188-Reviews-Freewalk_Cologne-Cologne_North_Rhine_Westphalia.html\" target=\"_blank\" rel=\"noopener noreferrer\"><img decoding=\"async\" src=\"https:\/\/static.tacdn.com\/img2\/brand_refresh\/Tripadvisor_lockup_horizontal_secondary_registered.svg\" alt=\"TripAdvisor\" \/><\/a><\/li>\n<\/ul>\n<\/div>\n<p><script async src=\"https:\/\/www.jscache.com\/wejs?wtype=cdswritereviewlg&amp;uniq=85&amp;locationId=8855188&amp;lang=es&amp;lang=es&amp;display_version=2\" data-loadtrk onload=\"this.loadtrk=true\"><\/script>[\/vc_column_text][\/vc_tta_section][vc_tta_section title=\u00bbMis recomendaciones\u00bb tab_id=\u00bb4&#8243;][vc_column_text]Los gu\u00edas tenemos varias recomendaciones para ti. Encu\u00e9ntralas <a href=\"https:\/\/freewalkcologne.com\/es\/que-hacer-en-colonia\/\">aqu\u00ed<\/a>.[\/vc_column_text][\/vc_tta_section][\/vc_tta_tabs][\/vc_column][\/vc_row]<\/p>\n<\/div>","protected":false},"excerpt":{"rendered":"<p>[vc_row css=\u00bb.vc_custom_1597511376635{margin-top: 20px !important;}\u00bb][vc_column reveal_effect=\u00bbfadeIn\u00bb reveal_duration=\u00bb0.7&#8243; reveal_delay=\u00bb0.1&#8243;][lab_heading title_tag=\u00bbH1&#8243; title=\u00bbMike\u00bb]Me encanta Colonia por su ambiente tan abierto y acogedor.[\/lab_heading][\/vc_column][\/vc_row][vc_row][vc_column width=\u00bb5\/12&#8243; reveal_effect=\u00bbfadeIn\u00bb reveal_duration=\u00bb1&#8243; reveal_delay=\u00bb0.3&#8243;][vc_single_image image=\u00bb15412&#8243; img_size=\u00bbfull\u00bb][\/vc_column][vc_column width=\u00bb7\/12&#8243; reveal_effect=\u00bbfadeIn\u00bb reveal_duration=\u00bb1.5&#8243; reveal_delay=\u00bb0.5&#8243;][vc_tta_tabs style=\u00bbtheme-styled-minimal\u00bb active_section=\u00bb1&#8243;][vc_tta_section title=\u00bbSobre m\u00ed\u00bb tab_id=\u00bb1&#8243;][vc_column_text]Si has estado en Europa lo suficiente para saber acerca de los Free Walking Tours, sabr\u00e1s que no hay mejor manera de explorar&hellip;<\/p>\n","protected":false},"author":5,"featured_media":15412,"parent":6447,"menu_order":0,"comment_status":"open","ping_status":"closed","template":"","meta":{"_acf_changed":false,"content-type":"","footnotes":""},"class_list":["post-15411","page","type-page","status-publish","has-post-thumbnail","hentry"],"acf":[],"yoast_head":"<!-- This site is optimized with the Yoast SEO plugin v27.3 - https:\/\/yoast.com\/product\/yoast-seo-wordpress\/ -->\n<title>Mike, tu gu\u00eda de free tour en Colonia \u2013 Freewalk Cologne<\/title>\n<meta name=\"description\" content=\"\u00a1Conoce a Mike, tu gu\u00eda en Colonia! Nos encanta la ciudad y queremos compartirla contigo. Cada gu\u00eda tiene una historia distinta. \u00a1Con\u00f3cenos!\" \/>\n<meta name=\"robots\" content=\"index, follow, max-snippet:-1, max-image-preview:large, max-video-preview:-1\" \/>\n<link rel=\"canonical\" href=\"https:\/\/freewalkcologne.com\/es\/equipo\/mike\/\" \/>\n<meta property=\"og:locale\" content=\"es_ES\" \/>\n<meta property=\"og:type\" content=\"article\" \/>\n<meta property=\"og:title\" content=\"Mike, tu gu\u00eda de free tour en Colonia \u2013 Freewalk Cologne\" \/>\n<meta property=\"og:description\" content=\"\u00a1Conoce a Mike, tu gu\u00eda en Colonia! Nos encanta la ciudad y queremos compartirla contigo. Cada gu\u00eda tiene una historia distinta. \u00a1Con\u00f3cenos!\" \/>\n<meta property=\"og:url\" content=\"https:\/\/freewalkcologne.com\/es\/equipo\/mike\/\" \/>\n<meta property=\"og:site_name\" content=\"Freewalk Cologne\" \/>\n<meta property=\"article:modified_time\" content=\"2022-09-13T14:06:22+00:00\" \/>\n<meta property=\"og:image\" content=\"https:\/\/freewalkcologne.com\/wp-content\/uploads\/2020\/02\/Mike-Freewalk-Cologne-1024x1024.jpg\" \/>\n\t<meta property=\"og:image:width\" content=\"1024\" \/>\n\t<meta property=\"og:image:height\" content=\"1024\" \/>\n\t<meta property=\"og:image:type\" content=\"image\/jpeg\" \/>\n<meta name=\"twitter:card\" content=\"summary_large_image\" \/>\n<meta name=\"twitter:label1\" content=\"Tiempo de lectura\" \/>\n\t<meta name=\"twitter:data1\" content=\"2 minutos\" \/>\n<script type=\"application\/ld+json\" class=\"yoast-schema-graph\">{\"@context\":\"https:\\\/\\\/schema.org\",\"@graph\":[{\"@type\":\"WebPage\",\"@id\":\"https:\\\/\\\/freewalkcologne.com\\\/es\\\/equipo\\\/mike\\\/\",\"url\":\"https:\\\/\\\/freewalkcologne.com\\\/es\\\/equipo\\\/mike\\\/\",\"name\":\"Mike, tu gu\u00eda de free tour en Colonia \u2013 Freewalk Cologne\",\"isPartOf\":{\"@id\":\"https:\\\/\\\/freewalkcologne.com\\\/es\\\/#website\"},\"primaryImageOfPage\":{\"@id\":\"https:\\\/\\\/freewalkcologne.com\\\/es\\\/equipo\\\/mike\\\/#primaryimage\"},\"image\":{\"@id\":\"https:\\\/\\\/freewalkcologne.com\\\/es\\\/equipo\\\/mike\\\/#primaryimage\"},\"thumbnailUrl\":\"https:\\\/\\\/freewalkcologne.com\\\/wp-content\\\/uploads\\\/2020\\\/02\\\/Mike-Freewalk-Cologne.jpg\",\"datePublished\":\"2020-02-29T15:11:38+00:00\",\"dateModified\":\"2022-09-13T14:06:22+00:00\",\"description\":\"\u00a1Conoce a Mike, tu gu\u00eda en Colonia! Nos encanta la ciudad y queremos compartirla contigo. Cada gu\u00eda tiene una historia distinta. \u00a1Con\u00f3cenos!\",\"breadcrumb\":{\"@id\":\"https:\\\/\\\/freewalkcologne.com\\\/es\\\/equipo\\\/mike\\\/#breadcrumb\"},\"inLanguage\":\"es\",\"potentialAction\":[{\"@type\":\"ReadAction\",\"target\":[\"https:\\\/\\\/freewalkcologne.com\\\/es\\\/equipo\\\/mike\\\/\"]}]},{\"@type\":\"ImageObject\",\"inLanguage\":\"es\",\"@id\":\"https:\\\/\\\/freewalkcologne.com\\\/es\\\/equipo\\\/mike\\\/#primaryimage\",\"url\":\"https:\\\/\\\/freewalkcologne.com\\\/wp-content\\\/uploads\\\/2020\\\/02\\\/Mike-Freewalk-Cologne.jpg\",\"contentUrl\":\"https:\\\/\\\/freewalkcologne.com\\\/wp-content\\\/uploads\\\/2020\\\/02\\\/Mike-Freewalk-Cologne.jpg\",\"width\":2371,\"height\":2371,\"caption\":\"Un hombre barbudo con una camiseta azul claro sonr\u00ede mientras est\u00e1 de pie al aire libre cerca de un r\u00edo al atardecer, con el paisaje urbano y el puente a sus espaldas, capturando la esencia de un momento de colonia al aire libre.\"},{\"@type\":\"BreadcrumbList\",\"@id\":\"https:\\\/\\\/freewalkcologne.com\\\/es\\\/equipo\\\/mike\\\/#breadcrumb\",\"itemListElement\":[{\"@type\":\"ListItem\",\"position\":1,\"name\":\"Startseite\",\"item\":\"https:\\\/\\\/freewalkcologne.com\\\/es\\\/\"},{\"@type\":\"ListItem\",\"position\":2,\"name\":\"Equipo\",\"item\":\"https:\\\/\\\/freewalkcologne.com\\\/es\\\/equipo\\\/\"},{\"@type\":\"ListItem\",\"position\":3,\"name\":\"Mike\"}]},{\"@type\":\"WebSite\",\"@id\":\"https:\\\/\\\/freewalkcologne.com\\\/es\\\/#website\",\"url\":\"https:\\\/\\\/freewalkcologne.com\\\/es\\\/\",\"name\":\"Freewalk Cologne\",\"description\":\"your free walking tour in Cologne\",\"potentialAction\":[{\"@type\":\"SearchAction\",\"target\":{\"@type\":\"EntryPoint\",\"urlTemplate\":\"https:\\\/\\\/freewalkcologne.com\\\/es\\\/?s={search_term_string}\"},\"query-input\":{\"@type\":\"PropertyValueSpecification\",\"valueRequired\":true,\"valueName\":\"search_term_string\"}}],\"inLanguage\":\"es\"}]}<\/script>\n<!-- \/ Yoast SEO plugin. -->","yoast_head_json":{"title":"Mike, tu gu\u00eda de free tour en Colonia \u2013 Freewalk Cologne","description":"\u00a1Conoce a Mike, tu gu\u00eda en Colonia! Nos encanta la ciudad y queremos compartirla contigo. Cada gu\u00eda tiene una historia distinta. \u00a1Con\u00f3cenos!","robots":{"index":"index","follow":"follow","max-snippet":"max-snippet:-1","max-image-preview":"max-image-preview:large","max-video-preview":"max-video-preview:-1"},"canonical":"https:\/\/freewalkcologne.com\/es\/equipo\/mike\/","og_locale":"es_ES","og_type":"article","og_title":"Mike, tu gu\u00eda de free tour en Colonia \u2013 Freewalk Cologne","og_description":"\u00a1Conoce a Mike, tu gu\u00eda en Colonia! Nos encanta la ciudad y queremos compartirla contigo. Cada gu\u00eda tiene una historia distinta. \u00a1Con\u00f3cenos!","og_url":"https:\/\/freewalkcologne.com\/es\/equipo\/mike\/","og_site_name":"Freewalk Cologne","article_modified_time":"2022-09-13T14:06:22+00:00","og_image":[{"width":1024,"height":1024,"url":"https:\/\/freewalkcologne.com\/wp-content\/uploads\/2020\/02\/Mike-Freewalk-Cologne-1024x1024.jpg","type":"image\/jpeg"}],"twitter_card":"summary_large_image","twitter_misc":{"Tiempo de lectura":"2 minutos"},"schema":{"@context":"https:\/\/schema.org","@graph":[{"@type":"WebPage","@id":"https:\/\/freewalkcologne.com\/es\/equipo\/mike\/","url":"https:\/\/freewalkcologne.com\/es\/equipo\/mike\/","name":"Mike, tu gu\u00eda de free tour en Colonia \u2013 Freewalk Cologne","isPartOf":{"@id":"https:\/\/freewalkcologne.com\/es\/#website"},"primaryImageOfPage":{"@id":"https:\/\/freewalkcologne.com\/es\/equipo\/mike\/#primaryimage"},"image":{"@id":"https:\/\/freewalkcologne.com\/es\/equipo\/mike\/#primaryimage"},"thumbnailUrl":"https:\/\/freewalkcologne.com\/wp-content\/uploads\/2020\/02\/Mike-Freewalk-Cologne.jpg","datePublished":"2020-02-29T15:11:38+00:00","dateModified":"2022-09-13T14:06:22+00:00","description":"\u00a1Conoce a Mike, tu gu\u00eda en Colonia! Nos encanta la ciudad y queremos compartirla contigo. Cada gu\u00eda tiene una historia distinta. \u00a1Con\u00f3cenos!","breadcrumb":{"@id":"https:\/\/freewalkcologne.com\/es\/equipo\/mike\/#breadcrumb"},"inLanguage":"es","potentialAction":[{"@type":"ReadAction","target":["https:\/\/freewalkcologne.com\/es\/equipo\/mike\/"]}]},{"@type":"ImageObject","inLanguage":"es","@id":"https:\/\/freewalkcologne.com\/es\/equipo\/mike\/#primaryimage","url":"https:\/\/freewalkcologne.com\/wp-content\/uploads\/2020\/02\/Mike-Freewalk-Cologne.jpg","contentUrl":"https:\/\/freewalkcologne.com\/wp-content\/uploads\/2020\/02\/Mike-Freewalk-Cologne.jpg","width":2371,"height":2371,"caption":"Un hombre barbudo con una camiseta azul claro sonr\u00ede mientras est\u00e1 de pie al aire libre cerca de un r\u00edo al atardecer, con el paisaje urbano y el puente a sus espaldas, capturando la esencia de un momento de colonia al aire libre."},{"@type":"BreadcrumbList","@id":"https:\/\/freewalkcologne.com\/es\/equipo\/mike\/#breadcrumb","itemListElement":[{"@type":"ListItem","position":1,"name":"Startseite","item":"https:\/\/freewalkcologne.com\/es\/"},{"@type":"ListItem","position":2,"name":"Equipo","item":"https:\/\/freewalkcologne.com\/es\/equipo\/"},{"@type":"ListItem","position":3,"name":"Mike"}]},{"@type":"WebSite","@id":"https:\/\/freewalkcologne.com\/es\/#website","url":"https:\/\/freewalkcologne.com\/es\/","name":"Freewalk Cologne","description":"your free walking tour in Cologne","potentialAction":[{"@type":"SearchAction","target":{"@type":"EntryPoint","urlTemplate":"https:\/\/freewalkcologne.com\/es\/?s={search_term_string}"},"query-input":{"@type":"PropertyValueSpecification","valueRequired":true,"valueName":"search_term_string"}}],"inLanguage":"es"}]}},"_links":{"self":[{"href":"https:\/\/freewalkcologne.com\/es\/wp-json\/wp\/v2\/pages\/15411","targetHints":{"allow":["GET"]}}],"collection":[{"href":"https:\/\/freewalkcologne.com\/es\/wp-json\/wp\/v2\/pages"}],"about":[{"href":"https:\/\/freewalkcologne.com\/es\/wp-json\/wp\/v2\/types\/page"}],"author":[{"embeddable":true,"href":"https:\/\/freewalkcologne.com\/es\/wp-json\/wp\/v2\/users\/5"}],"replies":[{"embeddable":true,"href":"https:\/\/freewalkcologne.com\/es\/wp-json\/wp\/v2\/comments?post=15411"}],"version-history":[{"count":4,"href":"https:\/\/freewalkcologne.com\/es\/wp-json\/wp\/v2\/pages\/15411\/revisions"}],"predecessor-version":[{"id":15470,"href":"https:\/\/freewalkcologne.com\/es\/wp-json\/wp\/v2\/pages\/15411\/revisions\/15470"}],"up":[{"embeddable":true,"href":"https:\/\/freewalkcologne.com\/es\/wp-json\/wp\/v2\/pages\/6447"}],"wp:featuredmedia":[{"embeddable":true,"href":"https:\/\/freewalkcologne.com\/es\/wp-json\/wp\/v2\/media\/15412"}],"wp:attachment":[{"href":"https:\/\/freewalkcologne.com\/es\/wp-json\/wp\/v2\/media?parent=15411"}],"curies":[{"name":"wp","href":"https:\/\/api.w.org\/{rel}","templated":true}]}}