{"id":5784,"date":"2020-08-16T15:01:25","date_gmt":"2020-08-16T13:01:25","guid":{"rendered":"http:\/\/new.freewalkcologne.com\/mike\/"},"modified":"2025-06-09T13:11:52","modified_gmt":"2025-06-09T11:11:52","slug":"mike","status":"publish","type":"page","link":"https:\/\/freewalkcologne.com\/de\/guides\/mike\/","title":{"rendered":"Mike"},"content":{"rendered":"<div class=\"wpb-content-wrapper\"><p>[vc_row css=&#8220;.vc_custom_1597511376635{margin-top: 20px !important;}&#8220;][vc_column reveal_effect=&#8220;fadeIn&#8220; reveal_duration=&#8220;0.7&#8243; reveal_delay=&#8220;0.1&#8243;][lab_heading title_tag=&#8220;H1&#8243; title=&#8220;Mike&#8220;]Ich liebe K\u00f6ln wegen der offenen und wilkommenhei\u00dfenden Atmosph\u00e4re.[\/lab_heading][\/vc_column][\/vc_row][vc_row][vc_column width=&#8220;5\/12&#8243; reveal_effect=&#8220;fadeIn&#8220; reveal_duration=&#8220;1&#8243; reveal_delay=&#8220;0.3&#8243;][vc_single_image image=&#8220;5787&#8243; img_size=&#8220;full&#8220;][\/vc_column][vc_column width=&#8220;7\/12&#8243; reveal_effect=&#8220;fadeIn&#8220; reveal_duration=&#8220;1.5&#8243; reveal_delay=&#8220;0.5&#8243;][vc_tta_tabs style=&#8220;theme-styled-minimal&#8220; active_section=&#8220;1&#8243;][vc_tta_section title=&#8220;\u00dcber mich&#8220; tab_id=&#8220;1&#8243;][vc_column_text]Wenn du Free Walking Touren kennst, wei\u00dft du auch, dass es<strong> die beste Art ist eine Stadt mit Einheimischen an deiner Seite kennenzulernen.<\/strong> So ging es mir bisher und so bin ich auch bei Freewalk Cologne gelandet. Ich will dir die Stadt zeigen, wie wir sie hier allt\u00e4glich erleben.<\/p>\n<p>Ich komme aus Buffalo, einer kleinen Stadt mit \u00e4hnlicher Atmosph\u00e4re wie in K\u00f6ln: gutes Bier, gute Freunde und Liebe f\u00fcr unsere Stadt. Vielleicht f\u00fchle ich mich deswegen so zu Hause hier. Nach meiner Zeit als Hostelmanager in Kapstadt, bin ich nach K\u00f6ln gekommen \u2014 eigentlich nur f\u00fcr einen Monat, aber ich bin immer noch hier. Okay, ich darf nicht mehr zur\u00fcck nach S\u00fcdafrika (frag mich nach der Geschichte bei ein paar Bier), aber K\u00f6ln wurde auch schnell zu meinem zu Hause. Ich bin seit November 2016 hier und inmitten der Menschen, dem Rhein, dem Dom und dem <strong>\u201cK\u00f6lschen Jef\u00f6hl\u201d<\/strong> wei\u00df ich nicht, ob ich \u00fcberhaupt nochmal woanders sein m\u00f6chte.<\/p>\n<p>Komm zu meiner Tour und ich zeig dir K\u00f6ln aus meiner Perspektive \u2014 der eines professionellen K\u00f6lner Imis.[\/vc_column_text][\/vc_tta_section][vc_tta_section title=&#8220;Meine Touren&#8220; tab_id=&#8220;touren&#8220;][vc_column_text css=&#8220;&#8220;]Du triffst mich auf meinen Stadtf\u00fchrungen:<\/p>\n<ul>\n<li><strong><a href=\"https:\/\/freewalkcologne.com\/de\/tours\/free-walking-tour-koeln\/\">Classic K\u00f6ln Free Walking Tour<\/a><\/strong><\/li>\n<li><a href=\"https:\/\/freewalkcologne.com\/de\/tours\/the-legendaere-koelschtour\/\"><strong>Die Legend\u00e4re K\u00f6lschtour<\/strong><\/a><\/li>\n<\/ul>\n<p>[\/vc_column_text][\/vc_tta_section][vc_tta_section title=&#8220;Bewerte meine Tour&#8220; tab_id=&#8220;2&#8243;][vc_column_text]Warst du schon auf meiner Tour? Dann w\u00e4re es super hilfreich, wenn du mir eine Bewertung auf TripAdvisor oder <a href=\"https:\/\/www.google.com\/search?q=freewalk+cologne&amp;oq=freewalk+cologne&amp;aqs=chrome.0.69i59j0l3j69i60l3j69i65.5400j1j7&amp;sourceid=chrome&amp;ie=UTF-8#lrd=0x47bf25766044be21:0x53b834378150518a,1,,,\" target=\"_blank\" rel=\"noopener noreferrer\">Google<\/a> da lassen w\u00fcrdest. Danke!<\/p>\n<p>&nbsp;<\/p>\n<div id=\"TA_cdswritereviewlg768\" class=\"TA_cdswritereviewlg\">\n<ul id=\"rydfhqCB2olh\" class=\"TA_links r3iuPT41kY\">\n<li id=\"spsVdeP47I3\" class=\"nlhU9YwG\"><a href=\"https:\/\/www.tripadvisor.de\/Attraction_Review-g187371-d8855188-Reviews-Freewalk_Cologne-Cologne_North_Rhine_Westphalia.html\" target=\"_blank\" rel=\"noopener noreferrer\"><img decoding=\"async\" src=\"https:\/\/static.tacdn.com\/img2\/brand_refresh\/Tripadvisor_lockup_horizontal_secondary_registered.svg\" alt=\"TripAdvisor\" \/><\/a><\/li>\n<\/ul>\n<\/div>\n<p><script async src=\"https:\/\/www.jscache.com\/wejs?wtype=cdswritereviewlg&amp;uniq=768&amp;locationId=8855188&amp;lang=de&amp;lang=de&amp;display_version=2\" data-loadtrk onload=\"this.loadtrk=true\"><\/script>[\/vc_column_text][\/vc_tta_section][vc_tta_section title=&#8220;Meine K\u00f6ln-Tipps&#8220; tab_id=&#8220;3&#8243;][vc_column_text css=&#8220;&#8220;]Wir \u2013 die Guides \u2013 haben unsere K\u00f6ln-Empfehlungen f\u00fcr dich <a href=\"https:\/\/freewalkcologne.com\/de\/empfehlungen\/\">hier<\/a> gesammelt.[\/vc_column_text][\/vc_tta_section][\/vc_tta_tabs][\/vc_column][\/vc_row]<\/p>\n<\/div>","protected":false},"excerpt":{"rendered":"<p>[vc_row css=&#8220;.vc_custom_1597511376635{margin-top: 20px !important;}&#8220;][vc_column reveal_effect=&#8220;fadeIn&#8220; reveal_duration=&#8220;0.7&#8243; reveal_delay=&#8220;0.1&#8243;][lab_heading title_tag=&#8220;H1&#8243; title=&#8220;Mike&#8220;]Ich liebe K\u00f6ln wegen der offenen und wilkommenhei\u00dfenden Atmosph\u00e4re.[\/lab_heading][\/vc_column][\/vc_row][vc_row][vc_column width=&#8220;5\/12&#8243; reveal_effect=&#8220;fadeIn&#8220; reveal_duration=&#8220;1&#8243; reveal_delay=&#8220;0.3&#8243;][vc_single_image image=&#8220;5787&#8243; img_size=&#8220;full&#8220;][\/vc_column][vc_column width=&#8220;7\/12&#8243; reveal_effect=&#8220;fadeIn&#8220; reveal_duration=&#8220;1.5&#8243; reveal_delay=&#8220;0.5&#8243;][vc_tta_tabs style=&#8220;theme-styled-minimal&#8220; active_section=&#8220;1&#8243;][vc_tta_section title=&#8220;\u00dcber mich&#8220; tab_id=&#8220;1&#8243;][vc_column_text]Wenn du Free Walking Touren kennst, wei\u00dft du auch, dass es die beste Art ist eine Stadt mit Einheimischen an deiner Seite kennenzulernen. So&hellip;<\/p>\n","protected":false},"author":5,"featured_media":5787,"parent":6831,"menu_order":0,"comment_status":"open","ping_status":"closed","template":"","meta":{"_acf_changed":false,"content-type":"","footnotes":""},"class_list":["post-5784","page","type-page","status-publish","has-post-thumbnail","hentry"],"acf":[],"yoast_head":"<!-- This site is optimized with the Yoast SEO plugin v27.5 - https:\/\/yoast.com\/product\/yoast-seo-wordpress\/ -->\n<title>Mike, dein Free Walking Tourguide in K\u00f6ln \u2013 Freewalk Cologne<\/title>\n<meta name=\"description\" content=\"Lerne deine K\u00f6lner Free Walking Tourguides kennen! Wir lieben unsere Stadt und freuen uns darauf, sie dir zu zeigen. Bis bald!\" \/>\n<meta name=\"robots\" content=\"index, follow, max-snippet:-1, max-image-preview:large, max-video-preview:-1\" \/>\n<link rel=\"canonical\" href=\"https:\/\/freewalkcologne.com\/de\/guides\/mike\/\" \/>\n<meta property=\"og:locale\" content=\"de_DE\" \/>\n<meta property=\"og:type\" content=\"article\" \/>\n<meta property=\"og:title\" content=\"Mike, dein Free Walking Tourguide in K\u00f6ln \u2013 Freewalk Cologne\" \/>\n<meta property=\"og:description\" content=\"Lerne deine K\u00f6lner Free Walking Tourguides kennen! Wir lieben unsere Stadt und freuen uns darauf, sie dir zu zeigen. Bis bald!\" \/>\n<meta property=\"og:url\" content=\"https:\/\/freewalkcologne.com\/de\/guides\/mike\/\" \/>\n<meta property=\"og:site_name\" content=\"Freewalk Cologne\" \/>\n<meta property=\"article:modified_time\" content=\"2025-06-09T11:11:52+00:00\" \/>\n<meta property=\"og:image\" content=\"https:\/\/freewalkcologne.com\/wp-content\/uploads\/2020\/02\/Mike-Freewalk-Cologne.jpg\" \/>\n\t<meta property=\"og:image:width\" content=\"2371\" \/>\n\t<meta property=\"og:image:height\" content=\"2371\" \/>\n\t<meta property=\"og:image:type\" content=\"image\/jpeg\" \/>\n<meta name=\"twitter:card\" content=\"summary_large_image\" \/>\n<meta name=\"twitter:label1\" content=\"Gesch\u00e4tzte Lesezeit\" \/>\n\t<meta name=\"twitter:data1\" content=\"2\u00a0Minuten\" \/>\n<script type=\"application\/ld+json\" class=\"yoast-schema-graph\">{\"@context\":\"https:\\\/\\\/schema.org\",\"@graph\":[{\"@type\":\"WebPage\",\"@id\":\"https:\\\/\\\/freewalkcologne.com\\\/de\\\/guides\\\/mike\\\/\",\"url\":\"https:\\\/\\\/freewalkcologne.com\\\/de\\\/guides\\\/mike\\\/\",\"name\":\"Mike, dein Free Walking Tourguide in K\u00f6ln \u2013 Freewalk Cologne\",\"isPartOf\":{\"@id\":\"https:\\\/\\\/freewalkcologne.com\\\/de\\\/#website\"},\"primaryImageOfPage\":{\"@id\":\"https:\\\/\\\/freewalkcologne.com\\\/de\\\/guides\\\/mike\\\/#primaryimage\"},\"image\":{\"@id\":\"https:\\\/\\\/freewalkcologne.com\\\/de\\\/guides\\\/mike\\\/#primaryimage\"},\"thumbnailUrl\":\"https:\\\/\\\/freewalkcologne.com\\\/wp-content\\\/uploads\\\/2020\\\/02\\\/Mike-Freewalk-Cologne.jpg\",\"datePublished\":\"2020-08-16T13:01:25+00:00\",\"dateModified\":\"2025-06-09T11:11:52+00:00\",\"description\":\"Lerne deine K\u00f6lner Free Walking Tourguides kennen! Wir lieben unsere Stadt und freuen uns darauf, sie dir zu zeigen. Bis bald!\",\"breadcrumb\":{\"@id\":\"https:\\\/\\\/freewalkcologne.com\\\/de\\\/guides\\\/mike\\\/#breadcrumb\"},\"inLanguage\":\"de\",\"potentialAction\":[{\"@type\":\"ReadAction\",\"target\":[\"https:\\\/\\\/freewalkcologne.com\\\/de\\\/guides\\\/mike\\\/\"]}]},{\"@type\":\"ImageObject\",\"inLanguage\":\"de\",\"@id\":\"https:\\\/\\\/freewalkcologne.com\\\/de\\\/guides\\\/mike\\\/#primaryimage\",\"url\":\"https:\\\/\\\/freewalkcologne.com\\\/wp-content\\\/uploads\\\/2020\\\/02\\\/Mike-Freewalk-Cologne.jpg\",\"contentUrl\":\"https:\\\/\\\/freewalkcologne.com\\\/wp-content\\\/uploads\\\/2020\\\/02\\\/Mike-Freewalk-Cologne.jpg\",\"width\":2371,\"height\":2371,\"caption\":\"Der Freewalk Cologne Tourguide Mike.\"},{\"@type\":\"BreadcrumbList\",\"@id\":\"https:\\\/\\\/freewalkcologne.com\\\/de\\\/guides\\\/mike\\\/#breadcrumb\",\"itemListElement\":[{\"@type\":\"ListItem\",\"position\":1,\"name\":\"Startseite\",\"item\":\"https:\\\/\\\/freewalkcologne.com\\\/de\\\/\"},{\"@type\":\"ListItem\",\"position\":2,\"name\":\"Team\",\"item\":\"https:\\\/\\\/freewalkcologne.com\\\/de\\\/guides\\\/\"},{\"@type\":\"ListItem\",\"position\":3,\"name\":\"Mike\"}]},{\"@type\":\"WebSite\",\"@id\":\"https:\\\/\\\/freewalkcologne.com\\\/de\\\/#website\",\"url\":\"https:\\\/\\\/freewalkcologne.com\\\/de\\\/\",\"name\":\"Freewalk Cologne\",\"description\":\"your free walking tour in Cologne\",\"potentialAction\":[{\"@type\":\"SearchAction\",\"target\":{\"@type\":\"EntryPoint\",\"urlTemplate\":\"https:\\\/\\\/freewalkcologne.com\\\/de\\\/?s={search_term_string}\"},\"query-input\":{\"@type\":\"PropertyValueSpecification\",\"valueRequired\":true,\"valueName\":\"search_term_string\"}}],\"inLanguage\":\"de\"}]}<\/script>\n<!-- \/ Yoast SEO plugin. -->","yoast_head_json":{"title":"Mike, dein Free Walking Tourguide in K\u00f6ln \u2013 Freewalk Cologne","description":"Lerne deine K\u00f6lner Free Walking Tourguides kennen! Wir lieben unsere Stadt und freuen uns darauf, sie dir zu zeigen. Bis bald!","robots":{"index":"index","follow":"follow","max-snippet":"max-snippet:-1","max-image-preview":"max-image-preview:large","max-video-preview":"max-video-preview:-1"},"canonical":"https:\/\/freewalkcologne.com\/de\/guides\/mike\/","og_locale":"de_DE","og_type":"article","og_title":"Mike, dein Free Walking Tourguide in K\u00f6ln \u2013 Freewalk Cologne","og_description":"Lerne deine K\u00f6lner Free Walking Tourguides kennen! Wir lieben unsere Stadt und freuen uns darauf, sie dir zu zeigen. Bis bald!","og_url":"https:\/\/freewalkcologne.com\/de\/guides\/mike\/","og_site_name":"Freewalk Cologne","article_modified_time":"2025-06-09T11:11:52+00:00","og_image":[{"width":2371,"height":2371,"url":"https:\/\/freewalkcologne.com\/wp-content\/uploads\/2020\/02\/Mike-Freewalk-Cologne.jpg","type":"image\/jpeg"}],"twitter_card":"summary_large_image","twitter_misc":{"Gesch\u00e4tzte Lesezeit":"2\u00a0Minuten"},"schema":{"@context":"https:\/\/schema.org","@graph":[{"@type":"WebPage","@id":"https:\/\/freewalkcologne.com\/de\/guides\/mike\/","url":"https:\/\/freewalkcologne.com\/de\/guides\/mike\/","name":"Mike, dein Free Walking Tourguide in K\u00f6ln \u2013 Freewalk Cologne","isPartOf":{"@id":"https:\/\/freewalkcologne.com\/de\/#website"},"primaryImageOfPage":{"@id":"https:\/\/freewalkcologne.com\/de\/guides\/mike\/#primaryimage"},"image":{"@id":"https:\/\/freewalkcologne.com\/de\/guides\/mike\/#primaryimage"},"thumbnailUrl":"https:\/\/freewalkcologne.com\/wp-content\/uploads\/2020\/02\/Mike-Freewalk-Cologne.jpg","datePublished":"2020-08-16T13:01:25+00:00","dateModified":"2025-06-09T11:11:52+00:00","description":"Lerne deine K\u00f6lner Free Walking Tourguides kennen! Wir lieben unsere Stadt und freuen uns darauf, sie dir zu zeigen. Bis bald!","breadcrumb":{"@id":"https:\/\/freewalkcologne.com\/de\/guides\/mike\/#breadcrumb"},"inLanguage":"de","potentialAction":[{"@type":"ReadAction","target":["https:\/\/freewalkcologne.com\/de\/guides\/mike\/"]}]},{"@type":"ImageObject","inLanguage":"de","@id":"https:\/\/freewalkcologne.com\/de\/guides\/mike\/#primaryimage","url":"https:\/\/freewalkcologne.com\/wp-content\/uploads\/2020\/02\/Mike-Freewalk-Cologne.jpg","contentUrl":"https:\/\/freewalkcologne.com\/wp-content\/uploads\/2020\/02\/Mike-Freewalk-Cologne.jpg","width":2371,"height":2371,"caption":"Der Freewalk Cologne Tourguide Mike."},{"@type":"BreadcrumbList","@id":"https:\/\/freewalkcologne.com\/de\/guides\/mike\/#breadcrumb","itemListElement":[{"@type":"ListItem","position":1,"name":"Startseite","item":"https:\/\/freewalkcologne.com\/de\/"},{"@type":"ListItem","position":2,"name":"Team","item":"https:\/\/freewalkcologne.com\/de\/guides\/"},{"@type":"ListItem","position":3,"name":"Mike"}]},{"@type":"WebSite","@id":"https:\/\/freewalkcologne.com\/de\/#website","url":"https:\/\/freewalkcologne.com\/de\/","name":"Freewalk Cologne","description":"your free walking tour in Cologne","potentialAction":[{"@type":"SearchAction","target":{"@type":"EntryPoint","urlTemplate":"https:\/\/freewalkcologne.com\/de\/?s={search_term_string}"},"query-input":{"@type":"PropertyValueSpecification","valueRequired":true,"valueName":"search_term_string"}}],"inLanguage":"de"}]}},"_links":{"self":[{"href":"https:\/\/freewalkcologne.com\/de\/wp-json\/wp\/v2\/pages\/5784","targetHints":{"allow":["GET"]}}],"collection":[{"href":"https:\/\/freewalkcologne.com\/de\/wp-json\/wp\/v2\/pages"}],"about":[{"href":"https:\/\/freewalkcologne.com\/de\/wp-json\/wp\/v2\/types\/page"}],"author":[{"embeddable":true,"href":"https:\/\/freewalkcologne.com\/de\/wp-json\/wp\/v2\/users\/5"}],"replies":[{"embeddable":true,"href":"https:\/\/freewalkcologne.com\/de\/wp-json\/wp\/v2\/comments?post=5784"}],"version-history":[{"count":9,"href":"https:\/\/freewalkcologne.com\/de\/wp-json\/wp\/v2\/pages\/5784\/revisions"}],"predecessor-version":[{"id":21589,"href":"https:\/\/freewalkcologne.com\/de\/wp-json\/wp\/v2\/pages\/5784\/revisions\/21589"}],"up":[{"embeddable":true,"href":"https:\/\/freewalkcologne.com\/de\/wp-json\/wp\/v2\/pages\/6831"}],"wp:featuredmedia":[{"embeddable":true,"href":"https:\/\/freewalkcologne.com\/de\/wp-json\/wp\/v2\/media\/5787"}],"wp:attachment":[{"href":"https:\/\/freewalkcologne.com\/de\/wp-json\/wp\/v2\/media?parent=5784"}],"curies":[{"name":"wp","href":"https:\/\/api.w.org\/{rel}","templated":true}]}}